{"id":34137,"date":"2019-01-02T21:14:06","date_gmt":"2019-01-02T21:14:06","guid":{"rendered":"http:\/\/www.portalminero.com\/wp\/?page_id=34137"},"modified":"2020-01-16T14:14:29","modified_gmt":"2020-01-16T14:14:29","slug":"oportunidades-de-negocios","status":"publish","type":"page","link":"http:\/\/200.6.115.193\/wp\/oportunidades-de-negocios\/","title":{"rendered":"Oportunidades de Negocios"},"content":{"rendered":"<p>[et_pb_section bb_built=\u00bb1&#8243;][et_pb_row][et_pb_column type=\u00bb4_4&#8243;][et_pb_text _builder_version=\u00bb3.15&#8243;]<\/p>\n<h3 style=\"text-align: center;\"><span style=\"color: #066291; text-decoration: underline;\">Listado de las \u00daltimas 50 Oportunidades de Negocio Publicadas en Portal Minero<\/span><\/h3>\n<p>[\/et_pb_text][\/et_pb_column][\/et_pb_row][et_pb_row][et_pb_column type=\u00bb4_4&#8243;][et_pb_code _builder_version=\u00bb3.15&#8243; module_id=\u00bboportunidades_pag\u00bb]<article><div class=\"titulo-oportunidad\">Publicado en Portal Minero el: <span style=\"color:#f67e62;\">07\/11\/2024<\/span><\/div><div class=\"contenido-oportunidad\"><a href=\"https:\/\/www.portalminero.com\/pages\/viewpage.action?pageId=215126032\">Minera licita la modernizaci\u00f3n de sistema de control<\/a><\/div><\/article><article><div class=\"titulo-oportunidad\">Publicado en Portal Minero el: <span style=\"color:#f67e62;\">07\/11\/2024<\/span><\/div><div class=\"contenido-oportunidad\"><a href=\"https:\/\/www.portalminero.com\/pages\/viewpage.action?pageId=186325388\">Durante las pr\u00f3ximas semanas se espera adjudicaci\u00f3n del dise\u00f1o y obras de ampliaci\u00f3n de infraestructura aeroportuaria<\/a><\/div><\/article><article><div class=\"titulo-oportunidad\">Publicado en Portal Minero el: <span style=\"color:#f67e62;\">07\/11\/2024<\/span><\/div><div class=\"contenido-oportunidad\"><a href=\"https:\/\/www.portalminero.com\/pages\/viewpage.action?pageId=186328390\">Proyecto de ampliaci\u00f3n de importante infraestructura fronteriza por USD 80 millones se encuentra pr\u00f3ximo a ser licitado<\/a><\/div><\/article><article><div class=\"titulo-oportunidad\">Publicado en Portal Minero el: <span style=\"color:#f67e62;\">07\/11\/2024<\/span><\/div><div class=\"contenido-oportunidad\"><a href=\"https:\/\/www.portalminero.com\/pages\/viewpage.action?pageId=215126085\">Requieren proveedores para servicio de transporte masivo para dos faenas en Copiap\u00f3<\/a><\/div><\/article><article><div class=\"titulo-oportunidad\">Publicado en Portal Minero el: <span style=\"color:#f67e62;\">07\/11\/2024<\/span><\/div><div class=\"contenido-oportunidad\"><a href=\"https:\/\/www.portalminero.com\/pages\/viewpage.action?pageId=215126039\">En licitaci\u00f3n se encuentra el mejoramiento vial<\/a><\/div><\/article><article><div class=\"titulo-oportunidad\">Publicado en Portal Minero el: <span style=\"color:#f67e62;\">07\/11\/2024<\/span><\/div><div class=\"contenido-oportunidad\"><a href=\"https:\/\/www.portalminero.com\/pages\/viewpage.action?pageId=215126077\">Convocan a licitaci\u00f3n para inspecci\u00f3n televisiva en colectores de aguas servidas<\/a><\/div><\/article><article><div class=\"titulo-oportunidad\">Publicado en Portal Minero el: <span style=\"color:#f67e62;\">07\/11\/2024<\/span><\/div><div class=\"contenido-oportunidad\"><a href=\"https:\/\/www.portalminero.com\/pages\/viewpage.action?pageId=215126072\">Licitan servicio de mantenimiento preventivo y correctivo a equipo puente gr\u00faa en planta minera<\/a><\/div><\/article><article><div class=\"titulo-oportunidad\">Publicado en Portal Minero el: <span style=\"color:#f67e62;\">07\/11\/2024<\/span><\/div><div class=\"contenido-oportunidad\"><a href=\"https:\/\/www.portalminero.com\/pages\/viewpage.action?pageId=215126036\">Se licita la ampliaci\u00f3n y mejoramiento de edificio<\/a><\/div><\/article><article><div class=\"titulo-oportunidad\">Publicado en Portal Minero el: <span style=\"color:#f67e62;\">07\/11\/2024<\/span><\/div><div class=\"contenido-oportunidad\"><a href=\"https:\/\/www.portalminero.com\/pages\/viewpage.action?pageId=215126065\">Licitan obras civiles para intalaci\u00f3n de planta de chancado en faena minera<\/a><\/div><\/article><article><div class=\"titulo-oportunidad\">Publicado en Portal Minero el: <span style=\"color:#f67e62;\">06\/11\/2024<\/span><\/div><div class=\"contenido-oportunidad\"><a href=\"https:\/\/www.portalminero.com\/pages\/viewpage.action?pageId=215125917\">Comienza licitaci\u00f3n por el estudio de impacto ambiental por obras<\/a><\/div><\/article><article><div class=\"titulo-oportunidad\">Publicado en Portal Minero el: <span style=\"color:#f67e62;\">06\/11\/2024<\/span><\/div><div class=\"contenido-oportunidad\"><a href=\"https:\/\/www.portalminero.com\/pages\/viewpage.action?pageId=215125969\">Convocan a licitaci\u00f3n por obras civiles, hidr\u00e1ulicas y el\u00e9ctricas de planta elevadoras y agua y colectores en Valpara\u00edso<\/a><\/div><\/article><article><div class=\"titulo-oportunidad\">Publicado en Portal Minero el: <span style=\"color:#f67e62;\">06\/11\/2024<\/span><\/div><div class=\"contenido-oportunidad\"><a href=\"https:\/\/www.portalminero.com\/pages\/viewpage.action?pageId=215125924\">Se licita la reparaci\u00f3n de fugas en infraestructura sanitaria de agua potable<\/a><\/div><\/article><article><div class=\"titulo-oportunidad\">Publicado en Portal Minero el: <span style=\"color:#f67e62;\">06\/11\/2024<\/span><\/div><div class=\"contenido-oportunidad\"><a href=\"https:\/\/www.portalminero.com\/pages\/viewpage.action?pageId=215125921\">Licitan obras de mantenci\u00f3n de puentes<\/a><\/div><\/article><article><div class=\"titulo-oportunidad\">Publicado en Portal Minero el: <span style=\"color:#f67e62;\">06\/11\/2024<\/span><\/div><div class=\"contenido-oportunidad\"><a href=\"https:\/\/www.portalminero.com\/pages\/viewpage.action?pageId=10915003\">Preparan bases para pr\u00f3xima licitaci\u00f3n de factibilidad en proyecto de nuevo embalse por USD 84 millones<\/a><\/div><\/article><article><div class=\"titulo-oportunidad\">Publicado en Portal Minero el: <span style=\"color:#f67e62;\">06\/11\/2024<\/span><\/div><div class=\"contenido-oportunidad\"><a href=\"https:\/\/www.portalminero.com\/pages\/viewpage.action?pageId=215125966\">Licitan asesor\u00eda a inspecci\u00f3n fiscal de dise\u00f1o en reposici\u00f3n de Centro de Salud<\/a><\/div><\/article><article><div class=\"titulo-oportunidad\">Publicado en Portal Minero el: <span style=\"color:#f67e62;\">06\/11\/2024<\/span><\/div><div class=\"contenido-oportunidad\"><a href=\"https:\/\/www.portalminero.com\/pages\/viewpage.action?pageId=215125939\">Se requiere licitaci\u00f3n de compresor y secador para faena minera<\/a><\/div><\/article><article><div class=\"titulo-oportunidad\">Publicado en Portal Minero el: <span style=\"color:#f67e62;\">06\/11\/2024<\/span><\/div><div class=\"contenido-oportunidad\"><a href=\"https:\/\/www.portalminero.com\/pages\/viewpage.action?pageId=215125961\">Licitan levantamiento de informaci\u00f3n en proyecto de construcci\u00f3n ferroviario<\/a><\/div><\/article><article><div class=\"titulo-oportunidad\">Publicado en Portal Minero el: <span style=\"color:#f67e62;\">05\/11\/2024<\/span><\/div><div class=\"contenido-oportunidad\"><a href=\"https:\/\/www.portalminero.com\/pages\/viewpage.action?pageId=215125832\">Convocan a licitaci\u00f3n por asesor\u00eda t\u00e9cnica y administrativa a la inspecci\u00f3n fiscal para contrato de mejoramiento de agua potable<\/a><\/div><\/article><article><div class=\"titulo-oportunidad\">Publicado en Portal Minero el: <span style=\"color:#f67e62;\">05\/11\/2024<\/span><\/div><div class=\"contenido-oportunidad\"><a href=\"https:\/\/www.portalminero.com\/pages\/viewpage.action?pageId=215125815\">Se licita la asesor\u00eda inspecci\u00f3n t\u00e9cnica de obra<\/a><\/div><\/article><article><div class=\"titulo-oportunidad\">Publicado en Portal Minero el: <span style=\"color:#f67e62;\">05\/11\/2024<\/span><\/div><div class=\"contenido-oportunidad\"><a href=\"https:\/\/www.portalminero.com\/pages\/viewpage.action?pageId=215125842\">Solicitan licitaci\u00f3n para estudio diagn\u00f3stico de infraestructura de activos de servicios sanitarios rurales<\/a><\/div><\/article><article><div class=\"titulo-oportunidad\">Publicado en Portal Minero el: <span style=\"color:#f67e62;\">05\/11\/2024<\/span><\/div><div class=\"contenido-oportunidad\"><a href=\"https:\/\/www.portalminero.com\/pages\/viewpage.action?pageId=215125807\">Minera licita el servicio instalaci\u00f3n de aire acondicionado presurizaci\u00f3n y extracci\u00f3n<\/a><\/div><\/article><article><div class=\"titulo-oportunidad\">Publicado en Portal Minero el: <span style=\"color:#f67e62;\">05\/11\/2024<\/span><\/div><div class=\"contenido-oportunidad\"><a href=\"https:\/\/www.portalminero.com\/pages\/viewpage.action?pageId=215125825\">Comienza licitaci\u00f3n por el dise\u00f1o de ampliaci\u00f3n servicio sanitario rural<\/a><\/div><\/article><article><div class=\"titulo-oportunidad\">Publicado en Portal Minero el: <span style=\"color:#f67e62;\">05\/11\/2024<\/span><\/div><div class=\"contenido-oportunidad\"><a href=\"https:\/\/www.portalminero.com\/pages\/viewpage.action?pageId=215125886\">Inician convocatoria para servicio de elaboraci\u00f3n de l\u00ednea de base ambiental de obra sanitaria<\/a><\/div><\/article><article><div class=\"titulo-oportunidad\">Publicado en Portal Minero el: <span style=\"color:#f67e62;\">04\/11\/2024<\/span><\/div><div class=\"contenido-oportunidad\"><a href=\"https:\/\/www.portalminero.com\/pages\/viewpage.action?pageId=215125664\">Se licita el servicio de administraci\u00f3n de inventario<\/a><\/div><\/article><article><div class=\"titulo-oportunidad\">Publicado en Portal Minero el: <span style=\"color:#f67e62;\">04\/11\/2024<\/span><\/div><div class=\"contenido-oportunidad\"><a href=\"https:\/\/www.portalminero.com\/pages\/viewpage.action?pageId=215125701\">Licitan estudio de factibilidad para nuevo embalse en regi\u00f3n del Maule<\/a><\/div><\/article><article><div class=\"titulo-oportunidad\">Publicado en Portal Minero el: <span style=\"color:#f67e62;\">04\/11\/2024<\/span><\/div><div class=\"contenido-oportunidad\"><a href=\"https:\/\/www.portalminero.com\/pages\/viewpage.action?pageId=215125691\">Requieren consultor\u00eda para modelo descriptivo de camiones en puerto<\/a><\/div><\/article><article><div class=\"titulo-oportunidad\">Publicado en Portal Minero el: <span style=\"color:#f67e62;\">04\/11\/2024<\/span><\/div><div class=\"contenido-oportunidad\"><a href=\"https:\/\/www.portalminero.com\/pages\/viewpage.action?pageId=215125667\">Comienza licitaci\u00f3n por la locaci\u00f3n seca para perforaci\u00f3n<\/a><\/div><\/article><article><div class=\"titulo-oportunidad\">Publicado en Portal Minero el: <span style=\"color:#f67e62;\">04\/11\/2024<\/span><\/div><div class=\"contenido-oportunidad\"><a href=\"https:\/\/www.portalminero.com\/pages\/viewpage.action?pageId=215125694\">Licitan estudio de ingenier\u00eda mejoramiento en ruta en regi\u00f3n de Coquimbo<\/a><\/div><\/article><article><div class=\"titulo-oportunidad\">Publicado en Portal Minero el: <span style=\"color:#f67e62;\">04\/11\/2024<\/span><\/div><div class=\"contenido-oportunidad\"><a href=\"https:\/\/www.portalminero.com\/pages\/viewpage.action?pageId=215125648\">Inician b\u00fasqueda de proveedores para ingenier\u00eda de perfil de planta concentradora<\/a><\/div><\/article><article><div class=\"titulo-oportunidad\">Publicado en Portal Minero el: <span style=\"color:#f67e62;\">04\/11\/2024<\/span><\/div><div class=\"contenido-oportunidad\"><a href=\"https:\/\/www.portalminero.com\/pages\/viewpage.action?pageId=215125679\">Requieren contratar movimientos de tierra para empresa del sector energ\u00e9tico industrial<\/a><\/div><\/article><article><div class=\"titulo-oportunidad\">Publicado en Portal Minero el: <span style=\"color:#f67e62;\">30\/10\/2024<\/span><\/div><div class=\"contenido-oportunidad\"><a href=\"https:\/\/www.portalminero.com\/pages\/viewpage.action?pageId=119046289\">Proyecto ferroviario interregional por USD 700 millones est\u00e1 en etapa de selecci\u00f3n de oferentes para adjudicaci\u00f3n de ingenier\u00eda de detalle<\/a><\/div><\/article><article><div class=\"titulo-oportunidad\">Publicado en Portal Minero el: <span style=\"color:#f67e62;\">30\/10\/2024<\/span><\/div><div class=\"contenido-oportunidad\"><a href=\"https:\/\/www.portalminero.com\/pages\/viewpage.action?pageId=215125367\">Convocan a proveedores para ingenier\u00eda de mejoramiento de estabilizaci\u00f3n de taludes en ruta de Atacama<\/a><\/div><\/article><article><div class=\"titulo-oportunidad\">Publicado en Portal Minero el: <span style=\"color:#f67e62;\">30\/10\/2024<\/span><\/div><div class=\"contenido-oportunidad\"><a href=\"https:\/\/www.portalminero.com\/pages\/viewpage.action?pageId=215125370\">Licitan estudio b\u00e1sico de diagn\u00f3stico estructural de puentes modulares<\/a><\/div><\/article><article><div class=\"titulo-oportunidad\">Publicado en Portal Minero el: <span style=\"color:#f67e62;\">30\/10\/2024<\/span><\/div><div class=\"contenido-oportunidad\"><a href=\"https:\/\/www.portalminero.com\/pages\/viewpage.action?pageId=215125364\">Licitan estudio de ingenier\u00eda mejoramiento en ruta en regi\u00f3n de Valpara\u00edso<\/a><\/div><\/article><article><div class=\"titulo-oportunidad\">Publicado en Portal Minero el: <span style=\"color:#f67e62;\">30\/10\/2024<\/span><\/div><div class=\"contenido-oportunidad\"><a href=\"https:\/\/www.portalminero.com\/pages\/viewpage.action?pageId=215125324\">Minera licita el servicio de mantenci\u00f3n de equipos<\/a><\/div><\/article><article><div class=\"titulo-oportunidad\">Publicado en Portal Minero el: <span style=\"color:#f67e62;\">30\/10\/2024<\/span><\/div><div class=\"contenido-oportunidad\"><a href=\"https:\/\/www.portalminero.com\/pages\/viewpage.action?pageId=215125373\">Licitan servicio de aseo en instalaciones de planta minera<\/a><\/div><\/article><article><div class=\"titulo-oportunidad\">Publicado en Portal Minero el: <span style=\"color:#f67e62;\">30\/10\/2024<\/span><\/div><div class=\"contenido-oportunidad\"><a href=\"https:\/\/www.portalminero.com\/pages\/viewpage.action?pageId=215125345\">Minera licita la ingenier\u00eda de detalles para instrumentaci\u00f3n en pozos<\/a><\/div><\/article><article><div class=\"titulo-oportunidad\">Publicado en Portal Minero el: <span style=\"color:#f67e62;\">30\/10\/2024<\/span><\/div><div class=\"contenido-oportunidad\"><a href=\"https:\/\/www.portalminero.com\/pages\/viewpage.action?pageId=215125320\">Minera requiere obras de mitigaci\u00f3n de ruido chancador y obras complementarias<\/a><\/div><\/article><article><div class=\"titulo-oportunidad\">Publicado en Portal Minero el: <span style=\"color:#f67e62;\">29\/10\/2024<\/span><\/div><div class=\"contenido-oportunidad\"><a href=\"https:\/\/www.portalminero.com\/pages\/viewpage.action?pageId=215125235\">Faena requiere servicio de administraci\u00f3n de bodegas y operaci\u00f3n log\u00edstica<\/a><\/div><\/article><article><div class=\"titulo-oportunidad\">Publicado en Portal Minero el: <span style=\"color:#f67e62;\">29\/10\/2024<\/span><\/div><div class=\"contenido-oportunidad\"><a href=\"https:\/\/www.portalminero.com\/pages\/viewpage.action?pageId=215125204\">Se licita el servicio de inspecci\u00f3n y contraparte t\u00e9cnica de obras<\/a><\/div><\/article><article><div class=\"titulo-oportunidad\">Publicado en Portal Minero el: <span style=\"color:#f67e62;\">29\/10\/2024<\/span><\/div><div class=\"contenido-oportunidad\"><a href=\"https:\/\/www.portalminero.com\/pages\/viewpage.action?pageId=209978008\">Preparan bases de licitaci\u00f3n por nuevo proyecto de concesi\u00f3n por USD 442 millones<\/a><\/div><\/article><article><div class=\"titulo-oportunidad\">Publicado en Portal Minero el: <span style=\"color:#f67e62;\">29\/10\/2024<\/span><\/div><div class=\"contenido-oportunidad\"><a href=\"https:\/\/www.portalminero.com\/pages\/viewpage.action?pageId=215125211\">Comienza licitaci\u00f3n por el servicio de inspecci\u00f3n t\u00e9cnica normalizaci\u00f3n infraestructura<\/a><\/div><\/article><article><div class=\"titulo-oportunidad\">Publicado en Portal Minero el: <span style=\"color:#f67e62;\">29\/10\/2024<\/span><\/div><div class=\"contenido-oportunidad\"><a href=\"https:\/\/www.portalminero.com\/pages\/viewpage.action?pageId=215125196\">Minera licita cambio de lifters tambor aglomerador<\/a><\/div><\/article><article><div class=\"titulo-oportunidad\">Publicado en Portal Minero el: <span style=\"color:#f67e62;\">29\/10\/2024<\/span><\/div><div class=\"contenido-oportunidad\"><a href=\"https:\/\/www.portalminero.com\/pages\/viewpage.action?pageId=215125208\">Comienza licitaci\u00f3n por el servicio de mantenimiento a veh\u00edculos de trabajo para empresa ferroviaria<\/a><\/div><\/article><article><div class=\"titulo-oportunidad\">Publicado en Portal Minero el: <span style=\"color:#f67e62;\">29\/10\/2024<\/span><\/div><div class=\"contenido-oportunidad\"><a href=\"https:\/\/www.portalminero.com\/pages\/viewpage.action?pageId=215125199\">Requieren estudio de ingenier\u00eda para la construcci\u00f3n de diversas obras viales<\/a><\/div><\/article><article><div class=\"titulo-oportunidad\">Publicado en Portal Minero el: <span style=\"color:#f67e62;\">29\/10\/2024<\/span><\/div><div class=\"contenido-oportunidad\"><a href=\"https:\/\/www.portalminero.com\/pages\/viewpage.action?pageId=215125214\">Se licita la ingenier\u00eda de detalle y ejecuci\u00f3n de obras de sistema de seguridad<\/a><\/div><\/article><article><div class=\"titulo-oportunidad\">Publicado en Portal Minero el: <span style=\"color:#f67e62;\">28\/10\/2024<\/span><\/div><div class=\"contenido-oportunidad\"><a href=\"https:\/\/www.portalminero.com\/pages\/viewpage.action?pageId=215125095\">Comienza licitaci\u00f3n por el estudio de preinversi\u00f3n construcci\u00f3n y mejoramiento conexi\u00f3n vial<\/a><\/div><\/article><article><div class=\"titulo-oportunidad\">Publicado en Portal Minero el: <span style=\"color:#f67e62;\">28\/10\/2024<\/span><\/div><div class=\"contenido-oportunidad\"><a href=\"https:\/\/www.portalminero.com\/pages\/viewpage.action?pageId=215125082\">Requieren suministro de grupos electr\u00f3genos para planta elevadora de aguas en regi\u00f3n de Tarapac\u00e1<\/a><\/div><\/article><article><div class=\"titulo-oportunidad\">Publicado en Portal Minero el: <span style=\"color:#f67e62;\">28\/10\/2024<\/span><\/div><div class=\"contenido-oportunidad\"><a href=\"https:\/\/www.portalminero.com\/pages\/viewpage.action?pageId=215125085\">Se licita el servicio de an\u00e1lisis de laboratorio en refiner\u00eda<\/a><\/div><\/article><article><div class=\"titulo-oportunidad\">Publicado en Portal Minero el: <span style=\"color:#f67e62;\">28\/10\/2024<\/span><\/div><div class=\"contenido-oportunidad\"><a href=\"https:\/\/www.portalminero.com\/pages\/viewpage.action?pageId=215125054\">Empresa del sector energ\u00e9tico industrial requiere servicio de agencia de aduana<\/a><\/div><\/article>[\/et_pb_code][\/et_pb_column][\/et_pb_row][\/et_pb_section]<\/p>\n","protected":false},"excerpt":{"rendered":"<p>[et_pb_section bb_built=\u00bb1&#8243;][et_pb_row][et_pb_column type=\u00bb4_4&#8243;][et_pb_text _builder_version=\u00bb3.15&#8243;] Listado de las \u00daltimas 50 Oportunidades de Negocio Publicadas en Portal Minero [\/et_pb_text][\/et_pb_column][\/et_pb_row][et_pb_row][et_pb_column type=\u00bb4_4&#8243;][et_pb_code _builder_version=\u00bb3.15&#8243; module_id=\u00bboportunidades_pag\u00bb][\/et_pb_code][\/et_pb_column][\/et_pb_row][\/et_pb_section]<\/p>\n","protected":false},"author":7,"featured_media":0,"parent":0,"menu_order":0,"comment_status":"closed","ping_status":"closed","template":"","meta":{"footnotes":""},"class_list":["post-34137","page","type-page","status-publish","hentry"],"_links":{"self":[{"href":"http:\/\/200.6.115.193\/wp\/wp-json\/wp\/v2\/pages\/34137","targetHints":{"allow":["GET"]}}],"collection":[{"href":"http:\/\/200.6.115.193\/wp\/wp-json\/wp\/v2\/pages"}],"about":[{"href":"http:\/\/200.6.115.193\/wp\/wp-json\/wp\/v2\/types\/page"}],"author":[{"embeddable":true,"href":"http:\/\/200.6.115.193\/wp\/wp-json\/wp\/v2\/users\/7"}],"replies":[{"embeddable":true,"href":"http:\/\/200.6.115.193\/wp\/wp-json\/wp\/v2\/comments?post=34137"}],"version-history":[{"count":3,"href":"http:\/\/200.6.115.193\/wp\/wp-json\/wp\/v2\/pages\/34137\/revisions"}],"predecessor-version":[{"id":89759,"href":"http:\/\/200.6.115.193\/wp\/wp-json\/wp\/v2\/pages\/34137\/revisions\/89759"}],"wp:attachment":[{"href":"http:\/\/200.6.115.193\/wp\/wp-json\/wp\/v2\/media?parent=34137"}],"curies":[{"name":"wp","href":"https:\/\/api.w.org\/{rel}","templated":true}]}}